{"id":26269,"date":"2023-04-17T23:51:13","date_gmt":"2023-04-17T21:51:13","guid":{"rendered":"https:\/\/dev.theselfinvestigation.com\/?page_id=26269"},"modified":"2023-08-21T18:34:22","modified_gmt":"2023-08-21T16:34:22","slug":"community-ethics","status":"publish","type":"page","link":"https:\/\/newselfinvestigation.belenweb.com\/es\/community-ethics\/","title":{"rendered":"Reglas de Comunidad"},"content":{"rendered":"<div data-elementor-type=\"wp-page\" data-elementor-id=\"26269\" class=\"elementor elementor-26269\" data-elementor-settings=\"{&quot;ha_cmc_init_switcher&quot;:&quot;no&quot;}\">\n\t\t\t\t\t\t<section data-ka-cursor-size=\"1\" class=\"elementor-section elementor-top-section elementor-element elementor-element-75d7e1fb elementor-section-boxed elementor-section-height-default elementor-section-height-default\" data-id=\"75d7e1fb\" data-element_type=\"section\" data-e-type=\"section\" data-settings=\"{&quot;background_background&quot;:&quot;classic&quot;,&quot;thegem_parallax_activate&quot;:&quot;yes&quot;,&quot;thegem_parallax_type&quot;:&quot;vertical&quot;,&quot;_ha_eqh_enable&quot;:false,&quot;kng_cursor_interaction&quot;:&quot;default&quot;,&quot;kng_cursor_magnetic&quot;:&quot;none&quot;,&quot;kng_cursor_size_multiplier&quot;:{&quot;unit&quot;:&quot;px&quot;,&quot;size&quot;:1,&quot;sizes&quot;:[]}}\">\r\n\t\t\t\t\t\t\t<div class=\"elementor-background-overlay\"><\/div>\r\n\t\t\t\t\t\t\t<div class=\"elementor-container elementor-column-gap-default\"><div class=\"elementor-row\">\r\n\t\t\t\t\t<div data-ka-cursor-size=\"1\" class=\"elementor-column elementor-col-100 elementor-top-column elementor-element elementor-element-4ee7978\" data-id=\"4ee7978\" data-element_type=\"column\" data-e-type=\"column\" data-settings=\"{&quot;background_background&quot;:&quot;classic&quot;,&quot;kng_cursor_interaction&quot;:&quot;default&quot;,&quot;kng_cursor_magnetic&quot;:&quot;none&quot;,&quot;kng_cursor_size_multiplier&quot;:{&quot;unit&quot;:&quot;px&quot;,&quot;size&quot;:1,&quot;sizes&quot;:[]}}\">\n\t\t\t<div class=\"elementor-widget-wrap elementor-element-populated\">\n\t\t\t\t\t\t<div data-ka-cursor-size=\"1\" class=\"elementor-element elementor-element-58b0ac6 academy-ul flex-horizontal-align-default flex-horizontal-align-tablet-default flex-horizontal-align-mobile-default flex-vertical-align-default flex-vertical-align-tablet-default flex-vertical-align-mobile-default elementor-widget elementor-widget-text-editor\" data-id=\"58b0ac6\" data-element_type=\"widget\" data-e-type=\"widget\" data-settings=\"{&quot;thegem_custom_css&quot;:&quot;.academy-ul{\\n   list-style-position:outside;\\n   list-style-type: square;\\n   line-height: 2rem;\\n   font-size: 18px;\\n   list-style-image: url(&#039;https:\\\/\\\/newselfinvestigation.belenweb.com\\\/wp-content\\\/uploads\\\/2023\\\/04\\\/li-pointer.png&#039;);\\n   color:#54595F;\\n}\\n.academy-ul li{\\n    padding-bottom:15px;\\n    color:#54595F;\\n}&quot;,&quot;kng_cursor_interaction&quot;:&quot;default&quot;,&quot;kng_cursor_magnetic&quot;:&quot;none&quot;,&quot;kng_cursor_size_multiplier&quot;:{&quot;unit&quot;:&quot;px&quot;,&quot;size&quot;:1,&quot;sizes&quot;:[]}}\" data-widget_type=\"text-editor.default\">\n\t\t\t\t<div class=\"elementor-widget-container\">\n\t\t\t\t\t\t\t\t\t\t\t\t<div class=\"elementor-text-editor elementor-clearfix\">\r\n\t\t\t\t\t\t<p style=\"text-align: left;\">The Self-Investigation es una fundaci\u00f3n que tiene como objetivo apoyar a los y las participantes a mejorar su bienestar y fortalecer su resiliencia. Nuestro equipo se compromete a proporcionar un entorno de aprendizaje vibrante, dando la bienvenida a personas de la mayor diversidad posible. Pretendemos que todos nuestros eventos sean en un ambiente respetuoso y libre de acoso para personas de todas las razas, g\u00e9neros y orientaci\u00f3n sexual, habilidades, nacionalidades, etnias, estatus socioecon\u00f3mico y creencias.<\/p><p style=\"text-align: left;\">Con ese esp\u00edritu, se espera que todas aquellas personas que organicen, participen y asistan a las actividades de The Self-Investigation (en cualquier forma, incluidas, entre otras, en vivo, en l\u00ednea o a su propio ritmo a trav\u00e9s de la Academia):<\/p><ul style=\"text-align: left;\"><li aria-level=\"1\">Sea considerado en el habla y las acciones, y busque activamente reconocer y respetar los l\u00edmites de las dem\u00e1s personas participantes.<\/li><li aria-level=\"1\">Se abstenga de conductas y expresiones degradantes, discriminatorias o acosadoras. El acoso incluye, pero no se limita a: intimidaci\u00f3n deliberada; acecho; interrupci\u00f3n sostenida o deliberada de conversaciones u otros eventos; uso de im\u00e1genes, comentarios o bromas sexuales o discriminatorias; y atenci\u00f3n sexual no deseada.<\/li><li aria-level=\"1\">Se abstenga de cualquier acci\u00f3n no autorizada que incluye, entre otras: grabar o tomar fotograf\u00edas de los participantes durante los eventos en l\u00ednea y publicar o distribuir las im\u00e1genes o grabaciones dentro o fuera del grupo a trav\u00e9s de correo electr\u00f3nico, redes sociales, mensajes m\u00f3viles o cualquier otro canal de comunicaci\u00f3n. Tales acciones s\u00f3lo est\u00e1n permitidas cuando son autorizadas por unanimidad por los participantes.<\/li><li aria-level=\"1\">Para fomentar la libertad de expresi\u00f3n y el debate, respetamos la regla de Chatham House para que los y las participantes no tengan que preocuparse por su reputaci\u00f3n o las implicaciones de lo que digan si alguna vez son citados p\u00fablicamente. La regla establece que \u201clos participantes son libres de usar la informaci\u00f3n recibida, pero no se puede revelar la identidad ni la afiliaci\u00f3n del (de los) orador(es), ni la de ning\u00fan otro participante\u201d.<\/li><li aria-level=\"1\">Cuidarse el uno del otro. Alerte a un miembro del equipo de The Self-Investigation si observa violaciones de este c\u00f3digo de conducta, aunque parezcan intrascendentes.<\/li><li aria-level=\"1\">Cu\u00eddate. Respeta tus l\u00edmites personales. Eres libre de elegir no participar en una actividad que te haga sentir inseguro o que te lleve m\u00e1s all\u00e1 de tu zona de comodidad personal.<\/li><\/ul><p style=\"text-align: left;\">Si alg\u00fan participante viola este c\u00f3digo de conducta, The Self-Investigation puede tomar cualquier acci\u00f3n legal que consideremos apropiada. Este c\u00f3digo de conducta cubre todas las actividades de The Self-Investigation. Si crees que alguien te acos\u00f3 o te trat\u00f3 de manera inapropiada o si desesa presentar alguna queja u observaci\u00f3n despu\u00e9s de un evento, informe al equipo de The Self-Investigation enviando un correo electr\u00f3nico a <a href=\"mailto:contact@newselfinvestigation.belenweb.com\">contact@newselfinvestigation.belenweb.com<\/a>.<\/p><p style=\"text-align: left;\"><em>El texto anterior tiene licencia CC BY-SA 4.0. Cr\u00e9dito al C\u00f3digo de Conducta SRCCON, C\u00f3digo de Conducta de Eventos de ONA que hemos tomado prestado extensamente, con agradecimiento a the Ada Initiative\u2019s \u201chow to design a code of conduct for your community.\u201d<\/em><\/p>\t\t\t\t\t\t\t<\/div>\r\n\t\t\t\t\t\t\t\t\t\t<\/div>\n\t\t\t\t<\/div>\n\t\t\t\t\t<\/div>\n\t\t<\/div>\n\t\t\t\t\t<\/div><\/div>\r\n\t\t<\/section>\r\n\t\t\t\t<\/div>","protected":false},"excerpt":{"rendered":"<p>The Self-Investigation is a foundation that aims to support participants to enhance their well-being and strengthen their resilience. Our team is committed to providing a vibrant learning environment, welcoming people from as many diverse backgrounds as possible. We intend all our events to be a respectful and harassment-free environment for people of all races, gender [&hellip;]<\/p>\n","protected":false},"author":1,"featured_media":0,"parent":0,"menu_order":0,"comment_status":"closed","ping_status":"closed","template":"page-fullwidth.php","meta":{"footnotes":""},"class_list":["post-26269","page","type-page","status-publish","hentry"],"yoast_head":"<!-- This site is optimized with the Yoast SEO plugin v27.0 - https:\/\/yoast.com\/product\/yoast-seo-wordpress\/ -->\n<title>Community Ethics - The Self-Investigation<\/title>\n<meta name=\"robots\" content=\"index, follow, max-snippet:-1, max-image-preview:large, max-video-preview:-1\" \/>\n<link rel=\"canonical\" href=\"https:\/\/newselfinvestigation.belenweb.com\/es\/community-ethics\/\" \/>\n<meta property=\"og:locale\" content=\"es_ES\" \/>\n<meta property=\"og:type\" content=\"article\" \/>\n<meta property=\"og:title\" content=\"Community Ethics - The Self-Investigation\" \/>\n<meta property=\"og:description\" content=\"The Self-Investigation is a foundation that aims to support participants to enhance their well-being and strengthen their resilience. Our team is committed to providing a vibrant learning environment, welcoming people from as many diverse backgrounds as possible. We intend all our events to be a respectful and harassment-free environment for people of all races, gender [&hellip;]\" \/>\n<meta property=\"og:url\" content=\"https:\/\/newselfinvestigation.belenweb.com\/es\/community-ethics\/\" \/>\n<meta property=\"og:site_name\" content=\"The Self-Investigation\" \/>\n<meta property=\"article:modified_time\" content=\"2023-08-21T16:34:22+00:00\" \/>\n<meta property=\"og:image\" content=\"https:\/\/newselfinvestigation.belenweb.com\/wp-content\/uploads\/2023\/11\/TSI-logo.jpg\" \/>\n\t<meta property=\"og:image:width\" content=\"1200\" \/>\n\t<meta property=\"og:image:height\" content=\"675\" \/>\n\t<meta property=\"og:image:type\" content=\"image\/jpeg\" \/>\n<meta name=\"twitter:card\" content=\"summary_large_image\" \/>\n<meta name=\"twitter:site\" content=\"@selfinvestigate\" \/>\n<meta name=\"twitter:label1\" content=\"Tiempo de lectura\" \/>\n\t<meta name=\"twitter:data1\" content=\"2 minutos\" \/>\n<script type=\"application\/ld+json\" class=\"yoast-schema-graph\">{\"@context\":\"https:\/\/schema.org\",\"@graph\":[{\"@type\":\"WebPage\",\"@id\":\"https:\/\/newselfinvestigation.belenweb.com\/community-ethics\/\",\"url\":\"https:\/\/newselfinvestigation.belenweb.com\/community-ethics\/\",\"name\":\"Community Ethics - The Self-Investigation\",\"isPartOf\":{\"@id\":\"https:\/\/newselfinvestigation.belenweb.com\/#website\"},\"datePublished\":\"2023-04-17T21:51:13+00:00\",\"dateModified\":\"2023-08-21T16:34:22+00:00\",\"breadcrumb\":{\"@id\":\"https:\/\/newselfinvestigation.belenweb.com\/community-ethics\/#breadcrumb\"},\"inLanguage\":\"es\",\"potentialAction\":[{\"@type\":\"ReadAction\",\"target\":[\"https:\/\/newselfinvestigation.belenweb.com\/community-ethics\/\"]}]},{\"@type\":\"BreadcrumbList\",\"@id\":\"https:\/\/newselfinvestigation.belenweb.com\/community-ethics\/#breadcrumb\",\"itemListElement\":[{\"@type\":\"ListItem\",\"position\":1,\"name\":\"Home\",\"item\":\"https:\/\/newselfinvestigation.belenweb.com\/\"},{\"@type\":\"ListItem\",\"position\":2,\"name\":\"Community Ethics\"}]},{\"@type\":\"WebSite\",\"@id\":\"https:\/\/newselfinvestigation.belenweb.com\/#website\",\"url\":\"https:\/\/newselfinvestigation.belenweb.com\/\",\"name\":\"The Self-Investigation\",\"description\":\"Nonprofit sustaining journalism by enhancing journalists wellbeing\",\"publisher\":{\"@id\":\"https:\/\/newselfinvestigation.belenweb.com\/#organization\"},\"potentialAction\":[{\"@type\":\"SearchAction\",\"target\":{\"@type\":\"EntryPoint\",\"urlTemplate\":\"https:\/\/newselfinvestigation.belenweb.com\/?s={search_term_string}\"},\"query-input\":{\"@type\":\"PropertyValueSpecification\",\"valueRequired\":true,\"valueName\":\"search_term_string\"}}],\"inLanguage\":\"es\"},{\"@type\":\"Organization\",\"@id\":\"https:\/\/newselfinvestigation.belenweb.com\/#organization\",\"name\":\"The Self-Investigation\",\"url\":\"https:\/\/newselfinvestigation.belenweb.com\/\",\"logo\":{\"@type\":\"ImageObject\",\"inLanguage\":\"es\",\"@id\":\"https:\/\/newselfinvestigation.belenweb.com\/#\/schema\/logo\/image\/\",\"url\":\"https:\/\/newselfinvestigation.belenweb.com\/wp-content\/uploads\/2023\/11\/TSI-logo.png\",\"contentUrl\":\"https:\/\/newselfinvestigation.belenweb.com\/wp-content\/uploads\/2023\/11\/TSI-logo.png\",\"width\":2571,\"height\":825,\"caption\":\"The Self-Investigation\"},\"image\":{\"@id\":\"https:\/\/newselfinvestigation.belenweb.com\/#\/schema\/logo\/image\/\"},\"sameAs\":[\"https:\/\/x.com\/selfinvestigate\",\"https:\/\/www.linkedin.com\/company\/theselfinvestigation\",\"https:\/\/www.youtube.com\/@theself-investigation6000\"]}]}<\/script>\n<!-- \/ Yoast SEO plugin. -->","yoast_head_json":{"title":"Community Ethics - The Self-Investigation","robots":{"index":"index","follow":"follow","max-snippet":"max-snippet:-1","max-image-preview":"max-image-preview:large","max-video-preview":"max-video-preview:-1"},"canonical":"https:\/\/newselfinvestigation.belenweb.com\/es\/community-ethics\/","og_locale":"es_ES","og_type":"article","og_title":"Community Ethics - The Self-Investigation","og_description":"The Self-Investigation is a foundation that aims to support participants to enhance their well-being and strengthen their resilience. Our team is committed to providing a vibrant learning environment, welcoming people from as many diverse backgrounds as possible. We intend all our events to be a respectful and harassment-free environment for people of all races, gender [&hellip;]","og_url":"https:\/\/newselfinvestigation.belenweb.com\/es\/community-ethics\/","og_site_name":"The Self-Investigation","article_modified_time":"2023-08-21T16:34:22+00:00","og_image":[{"width":1200,"height":675,"url":"https:\/\/newselfinvestigation.belenweb.com\/wp-content\/uploads\/2023\/11\/TSI-logo.jpg","type":"image\/jpeg"}],"twitter_card":"summary_large_image","twitter_site":"@selfinvestigate","twitter_misc":{"Tiempo de lectura":"2 minutos"},"schema":{"@context":"https:\/\/schema.org","@graph":[{"@type":"WebPage","@id":"https:\/\/newselfinvestigation.belenweb.com\/community-ethics\/","url":"https:\/\/newselfinvestigation.belenweb.com\/community-ethics\/","name":"Community Ethics - The Self-Investigation","isPartOf":{"@id":"https:\/\/newselfinvestigation.belenweb.com\/#website"},"datePublished":"2023-04-17T21:51:13+00:00","dateModified":"2023-08-21T16:34:22+00:00","breadcrumb":{"@id":"https:\/\/newselfinvestigation.belenweb.com\/community-ethics\/#breadcrumb"},"inLanguage":"es","potentialAction":[{"@type":"ReadAction","target":["https:\/\/newselfinvestigation.belenweb.com\/community-ethics\/"]}]},{"@type":"BreadcrumbList","@id":"https:\/\/newselfinvestigation.belenweb.com\/community-ethics\/#breadcrumb","itemListElement":[{"@type":"ListItem","position":1,"name":"Home","item":"https:\/\/newselfinvestigation.belenweb.com\/"},{"@type":"ListItem","position":2,"name":"Community Ethics"}]},{"@type":"WebSite","@id":"https:\/\/newselfinvestigation.belenweb.com\/#website","url":"https:\/\/newselfinvestigation.belenweb.com\/","name":"The Self-Investigation","description":"Nonprofit sustaining journalism by enhancing journalists wellbeing","publisher":{"@id":"https:\/\/newselfinvestigation.belenweb.com\/#organization"},"potentialAction":[{"@type":"SearchAction","target":{"@type":"EntryPoint","urlTemplate":"https:\/\/newselfinvestigation.belenweb.com\/?s={search_term_string}"},"query-input":{"@type":"PropertyValueSpecification","valueRequired":true,"valueName":"search_term_string"}}],"inLanguage":"es"},{"@type":"Organization","@id":"https:\/\/newselfinvestigation.belenweb.com\/#organization","name":"The Self-Investigation","url":"https:\/\/newselfinvestigation.belenweb.com\/","logo":{"@type":"ImageObject","inLanguage":"es","@id":"https:\/\/newselfinvestigation.belenweb.com\/#\/schema\/logo\/image\/","url":"https:\/\/newselfinvestigation.belenweb.com\/wp-content\/uploads\/2023\/11\/TSI-logo.png","contentUrl":"https:\/\/newselfinvestigation.belenweb.com\/wp-content\/uploads\/2023\/11\/TSI-logo.png","width":2571,"height":825,"caption":"The Self-Investigation"},"image":{"@id":"https:\/\/newselfinvestigation.belenweb.com\/#\/schema\/logo\/image\/"},"sameAs":["https:\/\/x.com\/selfinvestigate","https:\/\/www.linkedin.com\/company\/theselfinvestigation","https:\/\/www.youtube.com\/@theself-investigation6000"]}]}},"_links":{"self":[{"href":"https:\/\/newselfinvestigation.belenweb.com\/es\/wp-json\/wp\/v2\/pages\/26269","targetHints":{"allow":["GET"]}}],"collection":[{"href":"https:\/\/newselfinvestigation.belenweb.com\/es\/wp-json\/wp\/v2\/pages"}],"about":[{"href":"https:\/\/newselfinvestigation.belenweb.com\/es\/wp-json\/wp\/v2\/types\/page"}],"author":[{"embeddable":true,"href":"https:\/\/newselfinvestigation.belenweb.com\/es\/wp-json\/wp\/v2\/users\/1"}],"replies":[{"embeddable":true,"href":"https:\/\/newselfinvestigation.belenweb.com\/es\/wp-json\/wp\/v2\/comments?post=26269"}],"version-history":[{"count":14,"href":"https:\/\/newselfinvestigation.belenweb.com\/es\/wp-json\/wp\/v2\/pages\/26269\/revisions"}],"predecessor-version":[{"id":27404,"href":"https:\/\/newselfinvestigation.belenweb.com\/es\/wp-json\/wp\/v2\/pages\/26269\/revisions\/27404"}],"wp:attachment":[{"href":"https:\/\/newselfinvestigation.belenweb.com\/es\/wp-json\/wp\/v2\/media?parent=26269"}],"curies":[{"name":"wp","href":"https:\/\/api.w.org\/{rel}","templated":true}]}}