{"id":27925,"date":"2024-01-19T04:24:36","date_gmt":"2024-01-19T03:24:36","guid":{"rendered":"https:\/\/newselfinvestigation.belenweb.com\/?page_id=27925"},"modified":"2024-01-25T12:05:50","modified_gmt":"2024-01-25T11:05:50","slug":"resources_news","status":"publish","type":"page","link":"https:\/\/newselfinvestigation.belenweb.com\/es\/resources_news\/","title":{"rendered":"Recursos y Novedades"},"content":{"rendered":"<div data-elementor-type=\"wp-page\" data-elementor-id=\"27925\" class=\"elementor elementor-27925\" data-elementor-settings=\"{&quot;ha_cmc_init_switcher&quot;:&quot;no&quot;}\">\n\t\t\t\t\t\t<section data-ka-cursor-size=\"1\" class=\"elementor-section elementor-top-section elementor-element elementor-element-b66c020 elementor-section-boxed elementor-section-height-default elementor-section-height-default\" data-id=\"b66c020\" data-element_type=\"section\" data-e-type=\"section\" data-settings=\"{&quot;background_background&quot;:&quot;classic&quot;,&quot;_ha_eqh_enable&quot;:false,&quot;kng_cursor_interaction&quot;:&quot;default&quot;,&quot;kng_cursor_magnetic&quot;:&quot;none&quot;,&quot;kng_cursor_size_multiplier&quot;:{&quot;unit&quot;:&quot;px&quot;,&quot;size&quot;:1,&quot;sizes&quot;:[]}}\">\r\n\t\t\t\t\t\t<div class=\"elementor-container elementor-column-gap-thegem\"><div class=\"elementor-row\">\r\n\t\t\t\t\t<div data-ka-cursor-size=\"1\" class=\"elementor-column elementor-col-100 elementor-top-column elementor-element elementor-element-cc52dbd\" data-id=\"cc52dbd\" data-element_type=\"column\" data-e-type=\"column\" data-settings=\"{&quot;kng_cursor_interaction&quot;:&quot;default&quot;,&quot;kng_cursor_magnetic&quot;:&quot;none&quot;,&quot;kng_cursor_size_multiplier&quot;:{&quot;unit&quot;:&quot;px&quot;,&quot;size&quot;:1,&quot;sizes&quot;:[]}}\">\n\t\t\t<div class=\"elementor-widget-wrap elementor-element-populated\">\n\t\t\t\t\t\t<section data-ka-cursor-size=\"1\" class=\"elementor-section elementor-inner-section elementor-element elementor-element-b311c82 elementor-section-boxed elementor-section-height-default elementor-section-height-default\" data-id=\"b311c82\" data-element_type=\"section\" data-e-type=\"section\" data-settings=\"{&quot;_ha_eqh_enable&quot;:false,&quot;kng_cursor_interaction&quot;:&quot;default&quot;,&quot;kng_cursor_magnetic&quot;:&quot;none&quot;,&quot;kng_cursor_size_multiplier&quot;:{&quot;unit&quot;:&quot;px&quot;,&quot;size&quot;:1,&quot;sizes&quot;:[]}}\">\r\n\t\t\t\t\t\t<div class=\"elementor-container elementor-column-gap-thegem\"><div class=\"elementor-row\">\r\n\t\t\t\t\t<div data-ka-cursor-size=\"1\" class=\"elementor-column elementor-col-100 elementor-inner-column elementor-element elementor-element-51bf99a\" data-id=\"51bf99a\" data-element_type=\"column\" data-e-type=\"column\" data-settings=\"{&quot;kng_cursor_interaction&quot;:&quot;default&quot;,&quot;kng_cursor_magnetic&quot;:&quot;none&quot;,&quot;kng_cursor_size_multiplier&quot;:{&quot;unit&quot;:&quot;px&quot;,&quot;size&quot;:1,&quot;sizes&quot;:[]}}\">\n\t\t\t<div class=\"elementor-widget-wrap elementor-element-populated\">\n\t\t\t\t\t\t<div data-ka-cursor-size=\"1\" class=\"elementor-element elementor-element-efacc2c flex-horizontal-align-default flex-horizontal-align-tablet-default flex-horizontal-align-mobile-default flex-vertical-align-default flex-vertical-align-tablet-default flex-vertical-align-mobile-default elementor-widget elementor-widget-text-editor\" data-id=\"efacc2c\" data-element_type=\"widget\" data-e-type=\"widget\" data-settings=\"{&quot;kng_cursor_interaction&quot;:&quot;default&quot;,&quot;kng_cursor_magnetic&quot;:&quot;none&quot;,&quot;kng_cursor_size_multiplier&quot;:{&quot;unit&quot;:&quot;px&quot;,&quot;size&quot;:1,&quot;sizes&quot;:[]}}\" data-widget_type=\"text-editor.default\">\n\t\t\t\t<div class=\"elementor-widget-container\">\n\t\t\t\t\t\t\t\t\t\t\t\t<div class=\"elementor-text-editor elementor-clearfix\">\r\n\t\t\t\t\t\t<h2 style=\"text-align: center;\">Espa\u00f1ol<\/h2>\t\t\t\t\t\t\t<\/div>\r\n\t\t\t\t\t\t\t\t\t\t<\/div>\n\t\t\t\t<\/div>\n\t\t\t\t\t<\/div>\n\t\t<\/div>\n\t\t\t\t\t<\/div><\/div>\r\n\t\t<\/section>\r\n\t\t\t\t\t<\/div>\n\t\t<\/div>\n\t\t\t\t\t<\/div><\/div>\r\n\t\t<\/section>\r\n\t\t\t\t<section data-ka-cursor-size=\"1\" class=\"elementor-section elementor-top-section elementor-element elementor-element-b9124e4 elementor-section-boxed elementor-section-height-default elementor-section-height-default\" data-id=\"b9124e4\" data-element_type=\"section\" data-e-type=\"section\" data-settings=\"{&quot;_ha_eqh_enable&quot;:false,&quot;kng_cursor_interaction&quot;:&quot;default&quot;,&quot;kng_cursor_magnetic&quot;:&quot;none&quot;,&quot;kng_cursor_size_multiplier&quot;:{&quot;unit&quot;:&quot;px&quot;,&quot;size&quot;:1,&quot;sizes&quot;:[]}}\">\r\n\t\t\t\t\t\t<div class=\"elementor-container elementor-column-gap-thegem\"><div class=\"elementor-row\">\r\n\t\t\t\t\t<div data-ka-cursor-size=\"1\" class=\"elementor-column elementor-col-100 elementor-top-column elementor-element elementor-element-69a3211\" data-id=\"69a3211\" data-element_type=\"column\" data-e-type=\"column\" data-settings=\"{&quot;kng_cursor_interaction&quot;:&quot;default&quot;,&quot;kng_cursor_magnetic&quot;:&quot;none&quot;,&quot;kng_cursor_size_multiplier&quot;:{&quot;unit&quot;:&quot;px&quot;,&quot;size&quot;:1,&quot;sizes&quot;:[]}}\">\n\t\t\t<div class=\"elementor-widget-wrap\">\n\t\t\t\t\t\t\t<\/div>\n\t\t<\/div>\n\t\t\t\t\t<\/div><\/div>\r\n\t\t<\/section>\r\n\t\t\t\t<section data-ka-cursor-size=\"1\" class=\"elementor-section elementor-top-section elementor-element elementor-element-ab849b7 elementor-section-boxed elementor-section-height-default elementor-section-height-default\" data-id=\"ab849b7\" data-element_type=\"section\" data-e-type=\"section\" data-settings=\"{&quot;_ha_eqh_enable&quot;:false,&quot;kng_cursor_interaction&quot;:&quot;default&quot;,&quot;kng_cursor_magnetic&quot;:&quot;none&quot;,&quot;kng_cursor_size_multiplier&quot;:{&quot;unit&quot;:&quot;px&quot;,&quot;size&quot;:1,&quot;sizes&quot;:[]}}\">\r\n\t\t\t\t\t\t<div class=\"elementor-container elementor-column-gap-thegem\"><div class=\"elementor-row\">\r\n\t\t\t\t\t<div data-ka-cursor-size=\"1\" class=\"elementor-column elementor-col-100 elementor-top-column elementor-element elementor-element-d3862ca\" data-id=\"d3862ca\" data-element_type=\"column\" data-e-type=\"column\" data-settings=\"{&quot;kng_cursor_interaction&quot;:&quot;default&quot;,&quot;kng_cursor_magnetic&quot;:&quot;none&quot;,&quot;kng_cursor_size_multiplier&quot;:{&quot;unit&quot;:&quot;px&quot;,&quot;size&quot;:1,&quot;sizes&quot;:[]}}\">\n\t\t\t<div class=\"elementor-widget-wrap elementor-element-populated\">\n\t\t\t\t\t\t<section data-ka-cursor-size=\"1\" class=\"elementor-section elementor-inner-section elementor-element elementor-element-05d743f elementor-section-boxed elementor-section-height-default elementor-section-height-default\" data-id=\"05d743f\" data-element_type=\"section\" data-e-type=\"section\" data-settings=\"{&quot;_ha_eqh_enable&quot;:false,&quot;kng_cursor_interaction&quot;:&quot;default&quot;,&quot;kng_cursor_magnetic&quot;:&quot;none&quot;,&quot;kng_cursor_size_multiplier&quot;:{&quot;unit&quot;:&quot;px&quot;,&quot;size&quot;:1,&quot;sizes&quot;:[]}}\">\r\n\t\t\t\t\t\t<div class=\"elementor-container elementor-column-gap-thegem\"><div class=\"elementor-row\">\r\n\t\t\t\t\t<div data-ka-cursor-size=\"1\" class=\"elementor-column elementor-col-100 elementor-inner-column elementor-element elementor-element-e29165f\" data-id=\"e29165f\" data-element_type=\"column\" data-e-type=\"column\" data-settings=\"{&quot;kng_cursor_interaction&quot;:&quot;default&quot;,&quot;kng_cursor_magnetic&quot;:&quot;none&quot;,&quot;kng_cursor_size_multiplier&quot;:{&quot;unit&quot;:&quot;px&quot;,&quot;size&quot;:1,&quot;sizes&quot;:[]}}\">\n\t\t\t<div class=\"elementor-widget-wrap elementor-element-populated\">\n\t\t\t\t\t\t<div data-ka-cursor-size=\"1\" class=\"elementor-element elementor-element-e2926df flex-horizontal-align-default flex-horizontal-align-tablet-default flex-horizontal-align-mobile-default flex-vertical-align-default flex-vertical-align-tablet-default flex-vertical-align-mobile-default elementor-widget elementor-widget-text-editor\" data-id=\"e2926df\" data-element_type=\"widget\" data-e-type=\"widget\" data-settings=\"{&quot;kng_cursor_interaction&quot;:&quot;default&quot;,&quot;kng_cursor_magnetic&quot;:&quot;none&quot;,&quot;kng_cursor_size_multiplier&quot;:{&quot;unit&quot;:&quot;px&quot;,&quot;size&quot;:1,&quot;sizes&quot;:[]}}\" data-widget_type=\"text-editor.default\">\n\t\t\t\t<div class=\"elementor-widget-container\">\n\t\t\t\t\t\t\t\t\t\t\t\t<div class=\"elementor-text-editor elementor-clearfix\">\r\n\t\t\t\t\t\t<h2 style=\"text-align: center;\">ingl\u00e9s<\/h2>\t\t\t\t\t\t\t<\/div>\r\n\t\t\t\t\t\t\t\t\t\t<\/div>\n\t\t\t\t<\/div>\n\t\t\t\t\t<\/div>\n\t\t<\/div>\n\t\t\t\t\t<\/div><\/div>\r\n\t\t<\/section>\r\n\t\t\t\t\t<\/div>\n\t\t<\/div>\n\t\t\t\t\t<\/div><\/div>\r\n\t\t<\/section>\r\n\t\t\t\t<section data-ka-cursor-size=\"1\" class=\"elementor-section elementor-top-section elementor-element elementor-element-e03b0c5 elementor-section-boxed elementor-section-height-default elementor-section-height-default\" data-id=\"e03b0c5\" data-element_type=\"section\" data-e-type=\"section\" data-settings=\"{&quot;_ha_eqh_enable&quot;:false,&quot;kng_cursor_interaction&quot;:&quot;default&quot;,&quot;kng_cursor_magnetic&quot;:&quot;none&quot;,&quot;kng_cursor_size_multiplier&quot;:{&quot;unit&quot;:&quot;px&quot;,&quot;size&quot;:1,&quot;sizes&quot;:[]}}\">\r\n\t\t\t\t\t\t<div class=\"elementor-container elementor-column-gap-thegem\"><div class=\"elementor-row\">\r\n\t\t\t\t\t<div data-ka-cursor-size=\"1\" class=\"elementor-column elementor-col-100 elementor-top-column elementor-element elementor-element-71d6b504\" data-id=\"71d6b504\" data-element_type=\"column\" data-e-type=\"column\" data-settings=\"{&quot;kng_cursor_interaction&quot;:&quot;default&quot;,&quot;kng_cursor_magnetic&quot;:&quot;none&quot;,&quot;kng_cursor_size_multiplier&quot;:{&quot;unit&quot;:&quot;px&quot;,&quot;size&quot;:1,&quot;sizes&quot;:[]}}\">\n\t\t\t<div class=\"elementor-widget-wrap\">\n\t\t\t\t\t\t\t<\/div>\n\t\t<\/div>\n\t\t\t\t\t<\/div><\/div>\r\n\t\t<\/section>\r\n\t\t\t\t<\/div>","protected":false},"excerpt":{"rendered":"<p>Spanish Show All Resources Updates Filters Show All Resources Updates Date Name Desc Asc Clear Filters Convocatoria abierta: C\u00f3mo liderar en salud mental para chequeadores The Self-Investigation lanza un nuevo programa de formaci\u00f3n y coaching en salud mental para l\u00edderes de organizaciones de fact-checking. La convocatoria de solicitudes est\u00e1 abierta hasta el 8 de febrero. [&hellip;]<\/p>\n","protected":false},"author":1,"featured_media":0,"parent":0,"menu_order":0,"comment_status":"closed","ping_status":"closed","template":"page-fullwidth.php","meta":{"footnotes":""},"class_list":["post-27925","page","type-page","status-publish","hentry"],"yoast_head":"<!-- This site is optimized with the Yoast SEO plugin v27.0 - https:\/\/yoast.com\/product\/yoast-seo-wordpress\/ -->\n<title>Resources &amp; Updates - The Self-Investigation<\/title>\n<meta name=\"robots\" content=\"index, follow, max-snippet:-1, max-image-preview:large, max-video-preview:-1\" \/>\n<link rel=\"canonical\" href=\"https:\/\/newselfinvestigation.belenweb.com\/es\/resources_news\/\" \/>\n<meta property=\"og:locale\" content=\"es_ES\" \/>\n<meta property=\"og:type\" content=\"article\" \/>\n<meta property=\"og:title\" content=\"Resources &amp; Updates - The Self-Investigation\" \/>\n<meta property=\"og:description\" content=\"Spanish Show All Resources Updates Filters Show All Resources Updates Date Name Desc Asc Clear Filters Convocatoria abierta: C\u00f3mo liderar en salud mental para chequeadores The Self-Investigation lanza un nuevo programa de formaci\u00f3n y coaching en salud mental para l\u00edderes de organizaciones de fact-checking. La convocatoria de solicitudes est\u00e1 abierta hasta el 8 de febrero. [&hellip;]\" \/>\n<meta property=\"og:url\" content=\"https:\/\/newselfinvestigation.belenweb.com\/es\/resources_news\/\" \/>\n<meta property=\"og:site_name\" content=\"The Self-Investigation\" \/>\n<meta property=\"article:modified_time\" content=\"2024-01-25T11:05:50+00:00\" \/>\n<meta property=\"og:image\" content=\"https:\/\/newselfinvestigation.belenweb.com\/wp-content\/uploads\/2024\/01\/transparent-thegem-product-justified-square-m.png\" \/>\n<meta name=\"twitter:card\" content=\"summary_large_image\" \/>\n<meta name=\"twitter:site\" content=\"@selfinvestigate\" \/>\n<meta name=\"twitter:label1\" content=\"Tiempo de lectura\" \/>\n\t<meta name=\"twitter:data1\" content=\"9 minutos\" \/>\n<script type=\"application\/ld+json\" class=\"yoast-schema-graph\">{\"@context\":\"https:\/\/schema.org\",\"@graph\":[{\"@type\":\"WebPage\",\"@id\":\"https:\/\/newselfinvestigation.belenweb.com\/resources_news\/\",\"url\":\"https:\/\/newselfinvestigation.belenweb.com\/resources_news\/\",\"name\":\"Resources & Updates - The Self-Investigation\",\"isPartOf\":{\"@id\":\"https:\/\/newselfinvestigation.belenweb.com\/#website\"},\"primaryImageOfPage\":{\"@id\":\"https:\/\/newselfinvestigation.belenweb.com\/resources_news\/#primaryimage\"},\"image\":{\"@id\":\"https:\/\/newselfinvestigation.belenweb.com\/resources_news\/#primaryimage\"},\"thumbnailUrl\":\"https:\/\/newselfinvestigation.belenweb.com\/wp-content\/uploads\/2024\/01\/transparent-thegem-product-justified-square-m.png\",\"datePublished\":\"2024-01-19T03:24:36+00:00\",\"dateModified\":\"2024-01-25T11:05:50+00:00\",\"breadcrumb\":{\"@id\":\"https:\/\/newselfinvestigation.belenweb.com\/resources_news\/#breadcrumb\"},\"inLanguage\":\"es\",\"potentialAction\":[{\"@type\":\"ReadAction\",\"target\":[\"https:\/\/newselfinvestigation.belenweb.com\/resources_news\/\"]}]},{\"@type\":\"ImageObject\",\"inLanguage\":\"es\",\"@id\":\"https:\/\/newselfinvestigation.belenweb.com\/resources_news\/#primaryimage\",\"url\":\"https:\/\/newselfinvestigation.belenweb.com\/wp-content\/uploads\/2024\/01\/transparent-thegem-product-justified-square-m.png\",\"contentUrl\":\"https:\/\/newselfinvestigation.belenweb.com\/wp-content\/uploads\/2024\/01\/transparent-thegem-product-justified-square-m.png\"},{\"@type\":\"BreadcrumbList\",\"@id\":\"https:\/\/newselfinvestigation.belenweb.com\/resources_news\/#breadcrumb\",\"itemListElement\":[{\"@type\":\"ListItem\",\"position\":1,\"name\":\"Home\",\"item\":\"https:\/\/newselfinvestigation.belenweb.com\/\"},{\"@type\":\"ListItem\",\"position\":2,\"name\":\"Resources &#038; Updates\"}]},{\"@type\":\"WebSite\",\"@id\":\"https:\/\/newselfinvestigation.belenweb.com\/#website\",\"url\":\"https:\/\/newselfinvestigation.belenweb.com\/\",\"name\":\"The Self-Investigation\",\"description\":\"Nonprofit sustaining journalism by enhancing journalists wellbeing\",\"publisher\":{\"@id\":\"https:\/\/newselfinvestigation.belenweb.com\/#organization\"},\"potentialAction\":[{\"@type\":\"SearchAction\",\"target\":{\"@type\":\"EntryPoint\",\"urlTemplate\":\"https:\/\/newselfinvestigation.belenweb.com\/?s={search_term_string}\"},\"query-input\":{\"@type\":\"PropertyValueSpecification\",\"valueRequired\":true,\"valueName\":\"search_term_string\"}}],\"inLanguage\":\"es\"},{\"@type\":\"Organization\",\"@id\":\"https:\/\/newselfinvestigation.belenweb.com\/#organization\",\"name\":\"The Self-Investigation\",\"url\":\"https:\/\/newselfinvestigation.belenweb.com\/\",\"logo\":{\"@type\":\"ImageObject\",\"inLanguage\":\"es\",\"@id\":\"https:\/\/newselfinvestigation.belenweb.com\/#\/schema\/logo\/image\/\",\"url\":\"https:\/\/newselfinvestigation.belenweb.com\/wp-content\/uploads\/2023\/11\/TSI-logo.png\",\"contentUrl\":\"https:\/\/newselfinvestigation.belenweb.com\/wp-content\/uploads\/2023\/11\/TSI-logo.png\",\"width\":2571,\"height\":825,\"caption\":\"The Self-Investigation\"},\"image\":{\"@id\":\"https:\/\/newselfinvestigation.belenweb.com\/#\/schema\/logo\/image\/\"},\"sameAs\":[\"https:\/\/x.com\/selfinvestigate\",\"https:\/\/www.linkedin.com\/company\/theselfinvestigation\",\"https:\/\/www.youtube.com\/@theself-investigation6000\"]}]}<\/script>\n<!-- \/ Yoast SEO plugin. -->","yoast_head_json":{"title":"Resources & Updates - The Self-Investigation","robots":{"index":"index","follow":"follow","max-snippet":"max-snippet:-1","max-image-preview":"max-image-preview:large","max-video-preview":"max-video-preview:-1"},"canonical":"https:\/\/newselfinvestigation.belenweb.com\/es\/resources_news\/","og_locale":"es_ES","og_type":"article","og_title":"Resources & Updates - The Self-Investigation","og_description":"Spanish Show All Resources Updates Filters Show All Resources Updates Date Name Desc Asc Clear Filters Convocatoria abierta: C\u00f3mo liderar en salud mental para chequeadores The Self-Investigation lanza un nuevo programa de formaci\u00f3n y coaching en salud mental para l\u00edderes de organizaciones de fact-checking. La convocatoria de solicitudes est\u00e1 abierta hasta el 8 de febrero. [&hellip;]","og_url":"https:\/\/newselfinvestigation.belenweb.com\/es\/resources_news\/","og_site_name":"The Self-Investigation","article_modified_time":"2024-01-25T11:05:50+00:00","og_image":[{"url":"https:\/\/newselfinvestigation.belenweb.com\/wp-content\/uploads\/2024\/01\/transparent-thegem-product-justified-square-m.png","type":"","width":"","height":""}],"twitter_card":"summary_large_image","twitter_site":"@selfinvestigate","twitter_misc":{"Tiempo de lectura":"9 minutos"},"schema":{"@context":"https:\/\/schema.org","@graph":[{"@type":"WebPage","@id":"https:\/\/newselfinvestigation.belenweb.com\/resources_news\/","url":"https:\/\/newselfinvestigation.belenweb.com\/resources_news\/","name":"Resources & Updates - The Self-Investigation","isPartOf":{"@id":"https:\/\/newselfinvestigation.belenweb.com\/#website"},"primaryImageOfPage":{"@id":"https:\/\/newselfinvestigation.belenweb.com\/resources_news\/#primaryimage"},"image":{"@id":"https:\/\/newselfinvestigation.belenweb.com\/resources_news\/#primaryimage"},"thumbnailUrl":"https:\/\/newselfinvestigation.belenweb.com\/wp-content\/uploads\/2024\/01\/transparent-thegem-product-justified-square-m.png","datePublished":"2024-01-19T03:24:36+00:00","dateModified":"2024-01-25T11:05:50+00:00","breadcrumb":{"@id":"https:\/\/newselfinvestigation.belenweb.com\/resources_news\/#breadcrumb"},"inLanguage":"es","potentialAction":[{"@type":"ReadAction","target":["https:\/\/newselfinvestigation.belenweb.com\/resources_news\/"]}]},{"@type":"ImageObject","inLanguage":"es","@id":"https:\/\/newselfinvestigation.belenweb.com\/resources_news\/#primaryimage","url":"https:\/\/newselfinvestigation.belenweb.com\/wp-content\/uploads\/2024\/01\/transparent-thegem-product-justified-square-m.png","contentUrl":"https:\/\/newselfinvestigation.belenweb.com\/wp-content\/uploads\/2024\/01\/transparent-thegem-product-justified-square-m.png"},{"@type":"BreadcrumbList","@id":"https:\/\/newselfinvestigation.belenweb.com\/resources_news\/#breadcrumb","itemListElement":[{"@type":"ListItem","position":1,"name":"Home","item":"https:\/\/newselfinvestigation.belenweb.com\/"},{"@type":"ListItem","position":2,"name":"Resources &#038; Updates"}]},{"@type":"WebSite","@id":"https:\/\/newselfinvestigation.belenweb.com\/#website","url":"https:\/\/newselfinvestigation.belenweb.com\/","name":"The Self-Investigation","description":"Nonprofit sustaining journalism by enhancing journalists wellbeing","publisher":{"@id":"https:\/\/newselfinvestigation.belenweb.com\/#organization"},"potentialAction":[{"@type":"SearchAction","target":{"@type":"EntryPoint","urlTemplate":"https:\/\/newselfinvestigation.belenweb.com\/?s={search_term_string}"},"query-input":{"@type":"PropertyValueSpecification","valueRequired":true,"valueName":"search_term_string"}}],"inLanguage":"es"},{"@type":"Organization","@id":"https:\/\/newselfinvestigation.belenweb.com\/#organization","name":"The Self-Investigation","url":"https:\/\/newselfinvestigation.belenweb.com\/","logo":{"@type":"ImageObject","inLanguage":"es","@id":"https:\/\/newselfinvestigation.belenweb.com\/#\/schema\/logo\/image\/","url":"https:\/\/newselfinvestigation.belenweb.com\/wp-content\/uploads\/2023\/11\/TSI-logo.png","contentUrl":"https:\/\/newselfinvestigation.belenweb.com\/wp-content\/uploads\/2023\/11\/TSI-logo.png","width":2571,"height":825,"caption":"The Self-Investigation"},"image":{"@id":"https:\/\/newselfinvestigation.belenweb.com\/#\/schema\/logo\/image\/"},"sameAs":["https:\/\/x.com\/selfinvestigate","https:\/\/www.linkedin.com\/company\/theselfinvestigation","https:\/\/www.youtube.com\/@theself-investigation6000"]}]}},"_links":{"self":[{"href":"https:\/\/newselfinvestigation.belenweb.com\/es\/wp-json\/wp\/v2\/pages\/27925","targetHints":{"allow":["GET"]}}],"collection":[{"href":"https:\/\/newselfinvestigation.belenweb.com\/es\/wp-json\/wp\/v2\/pages"}],"about":[{"href":"https:\/\/newselfinvestigation.belenweb.com\/es\/wp-json\/wp\/v2\/types\/page"}],"author":[{"embeddable":true,"href":"https:\/\/newselfinvestigation.belenweb.com\/es\/wp-json\/wp\/v2\/users\/1"}],"replies":[{"embeddable":true,"href":"https:\/\/newselfinvestigation.belenweb.com\/es\/wp-json\/wp\/v2\/comments?post=27925"}],"version-history":[{"count":121,"href":"https:\/\/newselfinvestigation.belenweb.com\/es\/wp-json\/wp\/v2\/pages\/27925\/revisions"}],"predecessor-version":[{"id":28060,"href":"https:\/\/newselfinvestigation.belenweb.com\/es\/wp-json\/wp\/v2\/pages\/27925\/revisions\/28060"}],"wp:attachment":[{"href":"https:\/\/newselfinvestigation.belenweb.com\/es\/wp-json\/wp\/v2\/media?parent=27925"}],"curies":[{"name":"wp","href":"https:\/\/api.w.org\/{rel}","templated":true}]}}